{"id":2,"date":"2016-05-10T03:48:21","date_gmt":"2016-05-10T03:48:21","guid":{"rendered":"http:\/\/kirchenchor-ummendorf.haraldschmidt.de\/?page_id=2"},"modified":"2024-08-18T14:02:14","modified_gmt":"2024-08-18T14:02:14","slug":"sample-page","status":"publish","type":"page","link":"https:\/\/kirchenchor-ummendorf.de\/?page_id=2","title":{"rendered":"Unser Chor"},"content":{"rendered":"<table class=\" alignleft\" style=\"height: 550px; width: 1024px;\" cellspacing=\"10\" cellpadding=\"10\">\n<tbody>\n<tr>\n<td style=\"width: 560px; text-align: left; vertical-align: top;\" align=\"top\" width=\"552\"><img loading=\"lazy\" decoding=\"async\" class=\"alignleft wp-image-14\" src=\"http:\/\/kirchenchor.haraldschmidt.de\/wp-content\/uploads\/2018\/01\/Auftritte.jpg\" alt=\"\" width=\"500\" height=\"331\" srcset=\"https:\/\/kirchenchor-ummendorf.de\/wp-content\/uploads\/2018\/01\/Auftritte.jpg 550w, https:\/\/kirchenchor-ummendorf.de\/wp-content\/uploads\/2018\/01\/Auftritte-300x199.jpg 300w\" sizes=\"auto, (max-width: 500px) 100vw, 500px\" \/><\/td>\n<td style=\"width: 550px; text-align: left; vertical-align: top;\">Im katholischen Kirchenchor Ummendorf singen derzeit rund 30 S\u00e4ngerinnen und S\u00e4nger, verteilt auf die vier Stimmen Sopran, Alt, Tenor und Bass. In unserem Chor finden sich junge Mitglieder, aber auch Junggebliebene sind mit Freude dabei. Die w\u00f6chentlichen Chorproben finden in aller Regel immer freitags um 18:30 Uhr im katholischen Gemeindehaus in Ummendorf statt. Neue S\u00e4ngerinnen und S\u00e4nger hei\u00dfen wir stets herzlich willkommen.<\/p>\n<h1>Lust auf Singen?<\/h1>\n<p>Wenn auch Sie Lust haben, zusammen mit anderen in der Gemeinschaft zu singen, dann gibt es eine L\u00f6sung: Kommen Sie doch einfach in die Proben des katholischen Kirchenchores Ummendorf. Interessierte sind jederzeit herzlich willkommen. Das Alter spielt keine Rolle. Wichtig ist nur die Freude am Singen. Gerade in dieser besonderen Zeit hat Singen viele Vorteile:<\/p>\n<ul>\n<li>Singen f\u00f6rdert die Atmung<\/li>\n<li>Singen f\u00f6rdert die Gesundheit<\/li>\n<li>Singen bringt Lebensfreude<\/li>\n<li>Singen schafft eine positive Lebenseinstellung<\/li>\n<\/ul>\n<p>Klicken Sie <a href=\"http:\/\/kirchenchor-ummendorf.haraldschmidt.de\/musik\/01_Ein_hoher_Tag_koemmt.mp3\">hier<\/a> um ein Lied unseres Chores anzuh\u00f6ren.<\/p>\n<p>Unser Vorsitzender: Harald Schmidt,<br \/>\nTel. 01577\/ 4987996<\/p>\n<p>Unsere Dirigentin: Diplom-Kirchenmusikerin Aline Ehrig-Metz,<br \/>\nTel. 0179\/ 6727228<\/td>\n<\/tr>\n<\/tbody>\n<\/table>\n","protected":false},"excerpt":{"rendered":"<p>Im katholischen Kirchenchor Ummendorf singen derzeit rund 30 S\u00e4ngerinnen und S\u00e4nger, verteilt auf die vier Stimmen Sopran, Alt, Tenor und Bass. In unserem Chor finden sich junge Mitglieder, aber auch Junggebliebene sind mit Freude dabei. Die w\u00f6chentlichen Chorproben finden in aller Regel immer freitags um 18:30 Uhr im katholischen Gemeindehaus in Ummendorf statt. Neue S\u00e4ngerinnen [&hellip;]<\/p>\n","protected":false},"author":1,"featured_media":0,"parent":0,"menu_order":0,"comment_status":"closed","ping_status":"open","template":"","meta":{"footnotes":""},"class_list":["post-2","page","type-page","status-publish","hentry"],"_links":{"self":[{"href":"https:\/\/kirchenchor-ummendorf.de\/index.php?rest_route=\/wp\/v2\/pages\/2","targetHints":{"allow":["GET"]}}],"collection":[{"href":"https:\/\/kirchenchor-ummendorf.de\/index.php?rest_route=\/wp\/v2\/pages"}],"about":[{"href":"https:\/\/kirchenchor-ummendorf.de\/index.php?rest_route=\/wp\/v2\/types\/page"}],"author":[{"embeddable":true,"href":"https:\/\/kirchenchor-ummendorf.de\/index.php?rest_route=\/wp\/v2\/users\/1"}],"replies":[{"embeddable":true,"href":"https:\/\/kirchenchor-ummendorf.de\/index.php?rest_route=%2Fwp%2Fv2%2Fcomments&post=2"}],"version-history":[{"count":30,"href":"https:\/\/kirchenchor-ummendorf.de\/index.php?rest_route=\/wp\/v2\/pages\/2\/revisions"}],"predecessor-version":[{"id":933,"href":"https:\/\/kirchenchor-ummendorf.de\/index.php?rest_route=\/wp\/v2\/pages\/2\/revisions\/933"}],"wp:attachment":[{"href":"https:\/\/kirchenchor-ummendorf.de\/index.php?rest_route=%2Fwp%2Fv2%2Fmedia&parent=2"}],"curies":[{"name":"wp","href":"https:\/\/api.w.org\/{rel}","templated":true}]}}